{"id":4342,"date":"2017-03-10T20:21:13","date_gmt":"2017-03-10T19:21:13","guid":{"rendered":"https:\/\/www.futurumkosice.sk\/index.php\/contact\/"},"modified":"2023-05-31T13:43:06","modified_gmt":"2023-05-31T11:43:06","slug":"contact","status":"publish","type":"page","link":"https:\/\/www.futurumkosice.sk\/en\/index.php\/contact\/","title":{"rendered":"Contact"},"content":{"rendered":"<p>[vc_row full_width=&#8221;stretch_row_content_no_spaces&#8221;][vc_column]<div id=\"sc_googlemap_631987930_wrap\" class=\"sc_googlemap_wrap\"><div id=\"sc_googlemap_631987930\"\n\t\t\tclass=\"sc_googlemap sc_googlemap_default\"\n\t\t\t style=\"width:100%;height:500px;\"\t\t\tdata-zoom=\"17\"\n\t\t\tdata-style=\"default\"\n\t\t\tdata-cluster-icon=\"\"\n\n\t\t\t><iframe\n\t\t\t\t\tsrc=\"https:\/\/maps.google.com\/maps?t=m&output=embed&iwloc=near&z=17&q=Moyzesova+5%2C+040+01+Ko%C5%A1ice\"\n\t\t\t\t\tscrolling=\"no\"\n\t\t\t\t\tmarginheight=\"0\"\n\t\t\t\t\tmarginwidth=\"0\"\n\t\t\t\t\tframeborder=\"0\"\n\t\t\t\t\taria-label=\"S\u00fakromn\u00e9 gymn\u00e1zium FUTURUM\"><\/iframe><\/div><\/div><!-- \/.sc_googlemap_wrap -->[vc_empty_space alter_height=&#8221;small&#8221; hide_on_mobile=&#8221;&#8221;][\/vc_column][\/vc_row][vc_row][vc_column width=&#8221;1\/4&#8243;][vc_empty_space alter_height=&#8221;medium&#8221; hide_on_mobile=&#8221;&#8221;][vc_raw_html]PGRpdiBpZD0ic2NfaWNvbnNfMTA5NDQwNDMxNyIgY2xhc3M9InNjX2ljb25zIHNjX2ljb25zX2RlZmF1bHQgc2NfaWNvbnNfc2l6ZV9tZWRpdW0gc2NfYWxpZ25fY2VudGVyIj4KCTxkaXYgY2xhc3M9InNjX2ljb25zX2l0ZW0gc2NfaWNvbnNfaXRlbV9saW5rZWQiPgoJCTxkaXYgaWQ9InNjX2ljb25zXzEwOTQ0MDQzMTdfaWNvbi1tYXAiIGNsYXNzPSJzY19pY29uc19pY29uIHNjX2ljb25fdHlwZV8gaWNvbi1tYXAiIHN0eWxlPSJjb2xvcjogIzE1NDM2ZiI+CgkJCTxzcGFuIGNsYXNzPSJzY19pY29uX3R5cGVfIGljb24tbWFwIiBzdHlsZT0iY29sb3I6ICMxNTQzNmYiPjwvc3Bhbj4KCQk8L2Rpdj4KCQk8aDQgY2xhc3M9InNjX2ljb25zX2l0ZW1fdGl0bGUiPgoJCQk8c3Bhbj5BZHJlc3M8L3NwYW4+CgkJPC9oND4KCQk8ZGl2IGNsYXNzPSJzY19pY29uc19pdGVtX2Rlc2NyaXB0aW9uIj4KCQkJPGEgaHJlZj0iaHR0cHM6Ly9nb28uZ2wvbWFwcy85YjNGVjl5Zm9nNHlUcm5vNyIgdGFyZ2V0PSJfYmxhbmsiPgoJCQkJPHNwYW4+U0cgRnV0dXJ1bTwvc3Bhbj4KCQkJCTxzcGFuPk1veXplc292YSA1PC9zcGFuPgoJCQkJPHNwYW4+MDQwIDAxLCBLb8WhaWNlPC9zcGFuPgoJCQk8L2E+CgkJPC9kaXY+Cgk8L2Rpdj4KPC9kaXY+[\/vc_raw_html][vc_empty_space alter_height=&#8221;medium&#8221; hide_on_mobile=&#8221;&#8221;][\/vc_column][vc_column width=&#8221;1\/4&#8243;][vc_empty_space alter_height=&#8221;medium&#8221; hide_on_mobile=&#8221;&#8221;][vc_raw_html]PGRpdiBpZD0ic2NfaWNvbnNfMTAwMzgzMTA3MyIgY2xhc3M9InNjX2ljb25zIHNjX2ljb25zX2RlZmF1bHQgc2NfaWNvbnNfc2l6ZV9tZWRpdW0gc2NfYWxpZ25fY2VudGVyIj4KCTxkaXYgY2xhc3M9InNjX2ljb25zX2l0ZW0gc2NfaWNvbnNfaXRlbV9saW5rZWQiPgoJCTxkaXYgaWQ9InNjX2ljb25zXzEwMDM4MzEwNzNfaWNvbi1tYWlsLWVtcHR5IiBjbGFzcz0ic2NfaWNvbnNfaWNvbiBzY19pY29uX3R5cGVfIGljb24tbWFpbC1lbXB0eSIgc3R5bGU9ImNvbG9yOiAjMTU0MzZmIj4KCQkJPHNwYW4gY2xhc3M9InNjX2ljb25fdHlwZV8gaWNvbi1tYWlsLWVtcHR5IiBzdHlsZT0iY29sb3I6ICMxNTQzNmYiPjwvc3Bhbj4KCQk8L2Rpdj4KCQk8aDQgY2xhc3M9InNjX2ljb25zX2l0ZW1fdGl0bGUiPgoJCTxzcGFuPkVtYWlsICZhbXA7IFBob25lPC9zcGFuPgoJCTwvaDQ+CgkJPGRpdiBjbGFzcz0ic2NfaWNvbnNfaXRlbV9kZXNjcmlwdGlvbiI+CgkJCTxzcGFuPjxhIGhyZWY9Im1haWx0bzprb3NpY2VAc2dmdXR1cnVtLnNrIj5rb3NpY2VAc2dmdXR1cnVtLnNrPC9hPjwvc3Bhbj4KCQkJPHNwYW4+PGEgaHJlZj0idGVsOis0MjE5NDg4NjA0MjUiPis0MjEgOTQ4IDg2MCA0MjU8L2E+PC9zcGFuPgoJCQk8c3Bhbj48YSBocmVmPSJ0ZWw6KzQyMTk0ODY3MDkzOSI+KzQyMSA5NDggNjcwIDkzOTwvYT48L3NwYW4+CgkJPC9kaXY+Cgk8L2Rpdj4KPC9kaXY+[\/vc_raw_html][vc_empty_space alter_height=&#8221;medium&#8221; hide_on_mobile=&#8221;&#8221; css=&#8221;.vc_custom_1565930696532{margin-bottom: 1.8rem !important;}&#8221;][\/vc_column][vc_column width=&#8221;1\/4&#8243;][vc_empty_space alter_height=&#8221;medium&#8221; hide_on_mobile=&#8221;&#8221;][vc_raw_html]PGRpdiBpZD0ic2NfaWNvbnNfMjAwMDYyNTM4NiIgY2xhc3M9InNjX2ljb25zIHNjX2ljb25zX2RlZmF1bHQgc2NfaWNvbnNfc2l6ZV9tZWRpdW0gc2NfYWxpZ25fY2VudGVyIj48ZGl2IGNsYXNzPSJzY19pY29uc19pdGVtIHNjX2ljb25zX2l0ZW1fbGlua2VkIj48ZGl2IGlkPSJzY19pY29uc18yMDAwNjI1Mzg2X2ljb24tZmFjZWJvb2siIGNsYXNzPSJzY19pY29uc19pY29uIHNjX2ljb25fdHlwZV8gaWNvbi1mYWNlYm9vayIgc3R5bGU9ImNvbG9yOiAjMTU0MzZmIj48c3BhbiBjbGFzcz0ic2NfaWNvbl90eXBlXyBpY29uLWZhY2Vib29rIiBzdHlsZT0iY29sb3I6ICMxNTQzNmYiPjwvc3Bhbj48L2Rpdj48aDQgY2xhc3M9InNjX2ljb25zX2l0ZW1fdGl0bGUiPjxzcGFuPkZhY2Vib29rPC9zcGFuPjwvaDQ+PGRpdiBjbGFzcz0ic2NfaWNvbnNfaXRlbV9kZXNjcmlwdGlvbiI+PHNwYW4+c2dmdXR1cnVta2U8L3NwYW4+PC9kaXY+PGEgaHJlZj0iaHR0cHM6Ly93d3cuZmFjZWJvb2suY29tL3NnZnV0dXJ1bWtlLyIgY2xhc3M9InNjX2ljb25zX2l0ZW1fbGluayIgdGFyZ2V0PSJfYmxhbmsiPjwvYT48L2Rpdj48L2Rpdj4=[\/vc_raw_html][vc_empty_space alter_height=&#8221;medium&#8221; hide_on_mobile=&#8221;&#8221; css=&#8221;.vc_custom_1565930830379{margin-bottom: 1.8rem !important;}&#8221;][\/vc_column][vc_column width=&#8221;1\/4&#8243;][vc_empty_space alter_height=&#8221;medium&#8221; hide_on_mobile=&#8221;&#8221;][vc_raw_html]PGRpdiBpZD0ic2NfaWNvbnNfMTU3NzIxMDU5IiBjbGFzcz0ic2NfaWNvbnMgc2NfaWNvbnNfZGVmYXVsdCBzY19pY29uc19zaXplX21lZGl1bSBzY19hbGlnbl9jZW50ZXIiPjxkaXYgY2xhc3M9InNjX2ljb25zX2l0ZW0gc2NfaWNvbnNfaXRlbV9saW5rZWQiPjxkaXYgaWQ9InNjX2ljb25zXzE1NzcyMTA1OV9pY29uLWluc3RhZ3JhbW0iIGNsYXNzPSJzY19pY29uc19pY29uIHNjX2ljb25fdHlwZV8gaWNvbi1pbnN0YWdyYW1tIiBzdHlsZT0iY29sb3I6ICMxNTQzNmYiPjxzcGFuIGNsYXNzPSJzY19pY29uX3R5cGVfIGljb24taW5zdGFncmFtbSIgc3R5bGU9ImNvbG9yOiAjMTU0MzZmIj48L3NwYW4+PC9kaXY+PGg0IGNsYXNzPSJzY19pY29uc19pdGVtX3RpdGxlIj48c3Bhbj5JbnN0YWdyYW08L3NwYW4+PC9oND48ZGl2IGNsYXNzPSJzY19pY29uc19pdGVtX2Rlc2NyaXB0aW9uIj48c3Bhbj5zZ2Z1dHVydW1rZTwvc3Bhbj48L2Rpdj48YSBocmVmPSJodHRwczovL3d3dy5pbnN0YWdyYW0uY29tL3NnZnV0dXJ1bWtlLyIgY2xhc3M9InNjX2ljb25zX2l0ZW1fbGluayIgdGFyZ2V0PSJfYmxhbmsiPjwvYT48L2Rpdj48L2Rpdj4=[\/vc_raw_html][vc_empty_space alter_height=&#8221;medium&#8221; hide_on_mobile=&#8221;&#8221; css=&#8221;.vc_custom_1565930830379{margin-bottom: 1.8rem !important;}&#8221;][\/vc_column][vc_column][vc_empty_space alter_height=&#8221;small&#8221; hide_on_mobile=&#8221;&#8221; css=&#8221;.vc_custom_1565898634862{margin-bottom: 1.8rem !important;}&#8221;][\/vc_column][\/vc_row][vc_row][vc_column width=&#8221;1\/6&#8243;][\/vc_column][vc_column width=&#8221;2\/3&#8243;]<div id=\"sc_title_1673393247\"\n\t\tclass=\"sc_title sc_title_default\"><h6 class=\"sc_item_subtitle sc_title_subtitle sc_align_center sc_item_title_style_default\">Po\u0161lite n\u00e1m spr\u00e1vu<\/h6><h3 class=\"sc_item_title sc_title_title sc_align_center sc_item_title_style_default\">Kontaktn\u00fd formul\u00e1r<\/h3><\/div><!-- \/.sc_title -->[vc_empty_space alter_height=&#8221;medium&#8221; hide_on_mobile=&#8221;&#8221; css=&#8221;.vc_custom_1491833767034{margin-bottom: 1.8rem !important;}&#8221;]\n<div class=\"wpcf7 no-js\" id=\"wpcf7-f4308-o1\" lang=\"en-US\" dir=\"ltr\">\n<div class=\"screen-reader-response\"><p role=\"status\" aria-live=\"polite\" aria-atomic=\"true\"><\/p> <ul><\/ul><\/div>\n<form action=\"\/en\/index.php\/wp-json\/wp\/v2\/pages\/4342#wpcf7-f4308-o1\" method=\"post\" class=\"wpcf7-form init\" aria-label=\"Contact form\" novalidate=\"novalidate\" data-status=\"init\">\n<div style=\"display: none;\">\n<input type=\"hidden\" name=\"_wpcf7\" value=\"4308\" \/>\n<input type=\"hidden\" name=\"_wpcf7_version\" value=\"5.7.6\" \/>\n<input type=\"hidden\" name=\"_wpcf7_locale\" value=\"en_US\" \/>\n<input type=\"hidden\" name=\"_wpcf7_unit_tag\" value=\"wpcf7-f4308-o1\" \/>\n<input type=\"hidden\" name=\"_wpcf7_container_post\" value=\"0\" \/>\n<input type=\"hidden\" name=\"_wpcf7_posted_data_hash\" value=\"\" \/>\n<\/div>\n<div class=\"vc_col-sm-6\">\n\t<p><span class=\"wpcf7-form-control-wrap\" data-name=\"meno\"><input size=\"40\" class=\"wpcf7-form-control wpcf7-text wpcf7-validates-as-required\" aria-required=\"true\" aria-invalid=\"false\" placeholder=\"Your name\" value=\"\" type=\"text\" name=\"meno\" \/><\/span>\n\t<\/p>\n<\/div>\n<div class=\"vc_col-sm-6\">\n\t<p><span class=\"wpcf7-form-control-wrap\" data-name=\"email\"><input size=\"40\" class=\"wpcf7-form-control wpcf7-text wpcf7-email wpcf7-validates-as-required wpcf7-validates-as-email\" aria-required=\"true\" aria-invalid=\"false\" placeholder=\"Your email\" value=\"\" type=\"email\" name=\"email\" \/><\/span>\n\t<\/p>\n<\/div>\n<div class=\"vc_col-sm-12\">\n\t<p><span class=\"wpcf7-form-control-wrap\" data-name=\"predmet\"><input size=\"40\" class=\"wpcf7-form-control wpcf7-text wpcf7-validates-as-required\" aria-required=\"true\" aria-invalid=\"false\" placeholder=\"Subject\" value=\"\" type=\"text\" name=\"predmet\" \/><\/span>\n\t<\/p>\n<\/div>\n<div class=\"vc_col-sm-12\">\n\t<p><span class=\"wpcf7-form-control-wrap\" data-name=\"sprava\"><textarea cols=\"40\" rows=\"10\" class=\"wpcf7-form-control wpcf7-textarea wpcf7-validates-as-required\" aria-required=\"true\" aria-invalid=\"false\" placeholder=\"Your message\" name=\"sprava\"><\/textarea><\/span>\n\t<\/p>\n<\/div>\n<div class=\"vc_col-sm-12 sc_form_field_button\">\n\t<p><input class=\"wpcf7-form-control has-spinner wpcf7-submit\" type=\"submit\" value=\"SEND\" \/>\n\t<\/p>\n<\/div><div class=\"wpcf7-response-output\" aria-hidden=\"true\"><\/div>\n<\/form>\n<\/div>\n[vc_empty_space alter_height=&#8221;large&#8221; hide_on_mobile=&#8221;&#8221; css=&#8221;.vc_custom_1491833961619{margin-bottom: 1.1rem !important;}&#8221;][\/vc_column][vc_column width=&#8221;1\/6&#8243;][\/vc_column][\/vc_row]<\/p>\n","protected":false},"excerpt":{"rendered":"<p>[vc_row full_width=&#8221;stretch_row_content_no_spaces&#8221;][vc_column][vc_empty_space alter_height=&#8221;small&#8221; hide_on_mobile=&#8221;&#8221;][\/vc_column][\/vc_row][vc_row][vc_column width=&#8221;1\/4&#8243;][vc_empty_space alter_height=&#8221;medium&#8221; hide_on_mobile=&#8221;&#8221;][vc_raw_html]PGRpdiBpZD0ic2NfaWNvbnNfMTA5NDQwNDMxNyIgY2xhc3M9InNjX2ljb25zIHNjX2ljb25zX2RlZmF1bHQgc2NfaWNvbnNfc2l6ZV9tZWRpdW0gc2NfYWxpZ25fY2VudGVyIj4KCTxkaXYgY2xhc3M9InNjX2ljb25zX2l0ZW0gc2NfaWNvbnNfaXRlbV9saW5rZWQiPgoJCTxkaXYgaWQ9InNjX2ljb25zXzEwOTQ0MDQzMTdfaWNvbi1tYXAiIGNsYXNzPSJzY19pY29uc19pY29uIHNjX2ljb25fdHlwZV8gaWNvbi1tYXAiIHN0eWxlPSJjb2xvcjogIzE1NDM2ZiI+CgkJCTxzcGFuIGNsYXNzPSJzY19pY29uX3R5cGVfIGljb24tbWFwIiBzdHlsZT0iY29sb3I6ICMxNTQzNmYiPjwvc3Bhbj4KCQk8L2Rpdj4KCQk8aDQgY2xhc3M9InNjX2ljb25zX2l0ZW1fdGl0bGUiPgoJCQk8c3Bhbj5BZHJlc3M8L3NwYW4+CgkJPC9oND4KCQk8ZGl2IGNsYXNzPSJzY19pY29uc19pdGVtX2Rlc2NyaXB0aW9uIj4KCQkJPGEgaHJlZj0iaHR0cHM6Ly9nb28uZ2wvbWFwcy85YjNGVjl5Zm9nNHlUcm5vNyIgdGFyZ2V0PSJfYmxhbmsiPgoJCQkJPHNwYW4+U0cgRnV0dXJ1bTwvc3Bhbj4KCQkJCTxzcGFuPk1veXplc292YSA1PC9zcGFuPgoJCQkJPHNwYW4+MDQwIDAxLCBLb8WhaWNlPC9zcGFuPgoJCQk8L2E+CgkJPC9kaXY+Cgk8L2Rpdj4KPC9kaXY+[\/vc_raw_html][vc_empty_space alter_height=&#8221;medium&#8221; hide_on_mobile=&#8221;&#8221;][\/vc_column][vc_column width=&#8221;1\/4&#8243;][vc_empty_space alter_height=&#8221;medium&#8221; hide_on_mobile=&#8221;&#8221;][vc_raw_html]PGRpdiBpZD0ic2NfaWNvbnNfMTAwMzgzMTA3MyIgY2xhc3M9InNjX2ljb25zIHNjX2ljb25zX2RlZmF1bHQgc2NfaWNvbnNfc2l6ZV9tZWRpdW0gc2NfYWxpZ25fY2VudGVyIj4KCTxkaXYgY2xhc3M9InNjX2ljb25zX2l0ZW0gc2NfaWNvbnNfaXRlbV9saW5rZWQiPgoJCTxkaXYgaWQ9InNjX2ljb25zXzEwMDM4MzEwNzNfaWNvbi1tYWlsLWVtcHR5IiBjbGFzcz0ic2NfaWNvbnNfaWNvbiBzY19pY29uX3R5cGVfIGljb24tbWFpbC1lbXB0eSIgc3R5bGU9ImNvbG9yOiAjMTU0MzZmIj4KCQkJPHNwYW4gY2xhc3M9InNjX2ljb25fdHlwZV8gaWNvbi1tYWlsLWVtcHR5IiBzdHlsZT0iY29sb3I6ICMxNTQzNmYiPjwvc3Bhbj4KCQk8L2Rpdj4KCQk8aDQgY2xhc3M9InNjX2ljb25zX2l0ZW1fdGl0bGUiPgoJCTxzcGFuPkVtYWlsICZhbXA7IFBob25lPC9zcGFuPgoJCTwvaDQ+CgkJPGRpdiBjbGFzcz0ic2NfaWNvbnNfaXRlbV9kZXNjcmlwdGlvbiI+CgkJCTxzcGFuPjxhIGhyZWY9Im1haWx0bzprb3NpY2VAc2dmdXR1cnVtLnNrIj5rb3NpY2VAc2dmdXR1cnVtLnNrPC9hPjwvc3Bhbj4KCQkJPHNwYW4+PGEgaHJlZj0idGVsOis0MjE5NDg4NjA0MjUiPis0MjEgOTQ4IDg2MCA0MjU8L2E+PC9zcGFuPgoJCQk8c3Bhbj48YSBocmVmPSJ0ZWw6KzQyMTk0ODY3MDkzOSI+KzQyMSA5NDggNjcwIDkzOTwvYT48L3NwYW4+CgkJPC9kaXY+Cgk8L2Rpdj4KPC9kaXY+[\/vc_raw_html][vc_empty_space alter_height=&#8221;medium&#8221; hide_on_mobile=&#8221;&#8221; css=&#8221;.vc_custom_1565930696532{margin-bottom: 1.8rem !important;}&#8221;][\/vc_column][vc_column width=&#8221;1\/4&#8243;][vc_empty_space alter_height=&#8221;medium&#8221; hide_on_mobile=&#8221;&#8221;][vc_raw_html]PGRpdiBpZD0ic2NfaWNvbnNfMjAwMDYyNTM4NiIgY2xhc3M9InNjX2ljb25zIHNjX2ljb25zX2RlZmF1bHQgc2NfaWNvbnNfc2l6ZV9tZWRpdW0gc2NfYWxpZ25fY2VudGVyIj48ZGl2IGNsYXNzPSJzY19pY29uc19pdGVtIHNjX2ljb25zX2l0ZW1fbGlua2VkIj48ZGl2IGlkPSJzY19pY29uc18yMDAwNjI1Mzg2X2ljb24tZmFjZWJvb2siIGNsYXNzPSJzY19pY29uc19pY29uIHNjX2ljb25fdHlwZV8gaWNvbi1mYWNlYm9vayIgc3R5bGU9ImNvbG9yOiAjMTU0MzZmIj48c3BhbiBjbGFzcz0ic2NfaWNvbl90eXBlXyBpY29uLWZhY2Vib29rIiBzdHlsZT0iY29sb3I6ICMxNTQzNmYiPjwvc3Bhbj48L2Rpdj48aDQgY2xhc3M9InNjX2ljb25zX2l0ZW1fdGl0bGUiPjxzcGFuPkZhY2Vib29rPC9zcGFuPjwvaDQ+PGRpdiBjbGFzcz0ic2NfaWNvbnNfaXRlbV9kZXNjcmlwdGlvbiI+PHNwYW4+c2dmdXR1cnVta2U8L3NwYW4+PC9kaXY+PGEgaHJlZj0iaHR0cHM6Ly93d3cuZmFjZWJvb2suY29tL3NnZnV0dXJ1bWtlLyIgY2xhc3M9InNjX2ljb25zX2l0ZW1fbGluayIgdGFyZ2V0PSJfYmxhbmsiPjwvYT48L2Rpdj48L2Rpdj4=[\/vc_raw_html][vc_empty_space alter_height=&#8221;medium&#8221; hide_on_mobile=&#8221;&#8221; css=&#8221;.vc_custom_1565930830379{margin-bottom: 1.8rem !important;}&#8221;][\/vc_column][vc_column width=&#8221;1\/4&#8243;][vc_empty_space alter_height=&#8221;medium&#8221; hide_on_mobile=&#8221;&#8221;][vc_raw_html]PGRpdiBpZD0ic2NfaWNvbnNfMTU3NzIxMDU5IiBjbGFzcz0ic2NfaWNvbnMgc2NfaWNvbnNfZGVmYXVsdCBzY19pY29uc19zaXplX21lZGl1bSBzY19hbGlnbl9jZW50ZXIiPjxkaXYgY2xhc3M9InNjX2ljb25zX2l0ZW0gc2NfaWNvbnNfaXRlbV9saW5rZWQiPjxkaXYgaWQ9InNjX2ljb25zXzE1NzcyMTA1OV9pY29uLWluc3RhZ3JhbW0iIGNsYXNzPSJzY19pY29uc19pY29uIHNjX2ljb25fdHlwZV8gaWNvbi1pbnN0YWdyYW1tIiBzdHlsZT0iY29sb3I6ICMxNTQzNmYiPjxzcGFuIGNsYXNzPSJzY19pY29uX3R5cGVfIGljb24taW5zdGFncmFtbSIgc3R5bGU9ImNvbG9yOiAjMTU0MzZmIj48L3NwYW4+PC9kaXY+PGg0IGNsYXNzPSJzY19pY29uc19pdGVtX3RpdGxlIj48c3Bhbj5JbnN0YWdyYW08L3NwYW4+PC9oND48ZGl2IGNsYXNzPSJzY19pY29uc19pdGVtX2Rlc2NyaXB0aW9uIj48c3Bhbj5zZ2Z1dHVydW1rZTwvc3Bhbj48L2Rpdj48YSBocmVmPSJodHRwczovL3d3dy5pbnN0YWdyYW0uY29tL3NnZnV0dXJ1bWtlLyIgY2xhc3M9InNjX2ljb25zX2l0ZW1fbGluayIgdGFyZ2V0PSJfYmxhbmsiPjwvYT48L2Rpdj48L2Rpdj4=[\/vc_raw_html][vc_empty_space alter_height=&#8221;medium&#8221; hide_on_mobile=&#8221;&#8221; css=&#8221;.vc_custom_1565930830379{margin-bottom: 1.8rem !important;}&#8221;][\/vc_column][vc_column][vc_empty_space alter_height=&#8221;small&#8221; hide_on_mobile=&#8221;&#8221; css=&#8221;.vc_custom_1565898634862{margin-bottom: 1.8rem !important;}&#8221;][\/vc_column][\/vc_row][vc_row][vc_column width=&#8221;1\/6&#8243;][\/vc_column][vc_column width=&#8221;2\/3&#8243;][vc_empty_space&hellip;<\/p>\n","protected":false},"author":5,"featured_media":0,"parent":0,"menu_order":0,"comment_status":"closed","ping_status":"closed","template":"","meta":{"footnotes":""},"_links":{"self":[{"href":"https:\/\/www.futurumkosice.sk\/en\/index.php\/wp-json\/wp\/v2\/pages\/4342"}],"collection":[{"href":"https:\/\/www.futurumkosice.sk\/en\/index.php\/wp-json\/wp\/v2\/pages"}],"about":[{"href":"https:\/\/www.futurumkosice.sk\/en\/index.php\/wp-json\/wp\/v2\/types\/page"}],"author":[{"embeddable":true,"href":"https:\/\/www.futurumkosice.sk\/en\/index.php\/wp-json\/wp\/v2\/users\/5"}],"replies":[{"embeddable":true,"href":"https:\/\/www.futurumkosice.sk\/en\/index.php\/wp-json\/wp\/v2\/comments?post=4342"}],"version-history":[{"count":2,"href":"https:\/\/www.futurumkosice.sk\/en\/index.php\/wp-json\/wp\/v2\/pages\/4342\/revisions"}],"predecessor-version":[{"id":4344,"href":"https:\/\/www.futurumkosice.sk\/en\/index.php\/wp-json\/wp\/v2\/pages\/4342\/revisions\/4344"}],"wp:attachment":[{"href":"https:\/\/www.futurumkosice.sk\/en\/index.php\/wp-json\/wp\/v2\/media?parent=4342"}],"curies":[{"name":"wp","href":"https:\/\/api.w.org\/{rel}","templated":true}]}}