{"id":3026,"date":"2020-10-13T14:42:53","date_gmt":"2020-10-13T12:42:53","guid":{"rendered":"https:\/\/www.futurumkosice.sk\/?page_id=3026"},"modified":"2020-10-13T14:43:29","modified_gmt":"2020-10-13T12:43:29","slug":"covid","status":"publish","type":"page","link":"https:\/\/www.futurumkosice.sk\/index.php\/covid\/","title":{"rendered":"COVID"},"content":{"rendered":"<p>Mil\u00ed\u00a0 \u017eiaci a\u00a0rodi\u010dia,<\/p>\n<p>na z\u00e1klade rozhodnutia ministra \u0161kolstva \u010d. 2020\/17294:1-A1810\u00a0 zo d\u0148a 11.10.2020 s\u00a0\u00fa\u010dinnos\u0165ou od 12.10.2020 do odvolania S\u00fakromn\u00e9 gymn\u00e1zium Futurum bude \u017eiakov vyu\u010dova\u0165 v\u00a0di\u0161tan\u010dnej forme.<\/p>\n<p>Organiz\u00e1cia v\u00fdu\u010dby <strong>d\u0148a 12.10.2020 bude prebieha\u0165 di\u0161tan\u010dne<\/strong>, \u010do znamen\u00e1, \u017ee \u017eiakom na tento de\u0148 bud\u00fa pridelen\u00e9 v\u00a0platforme MS Teams dom\u00e1ce \u00falohy. V\u00a0priebehu utorka si \u017eiaci m\u00f4\u017eu tie\u017e pr\u00eds\u0165 do \u0161koly po pom\u00f4cky a\u00a0u\u010debnice, ktor\u00e9 maj\u00fa v\u00a0skrink\u00e1ch, aby mohli plnohodnotne \u0161tudova\u0165.<\/p>\n<p>Organiz\u00e1cia v\u00fdu\u010dby <strong>bude<\/strong> <strong>prebieha\u0165<\/strong> <strong>od d\u0148a 13.10.2020 pod\u013ea riadneho rozvrhu<\/strong>. Men\u00ed sa len forma vzdel\u00e1vania z\u00a0prezen\u010dnej na online formu. \u017diaci s\u00fa povinn\u00ed sa z\u00fa\u010dast\u0148ova\u0165 online hod\u00edn (bod 2a.1\u00a0\u0160kolsk\u00e9ho poriadku) rovnako ako pri prezen\u010dnej forme, kde je im zaznamen\u00e1van\u00e1 doch\u00e1dzka. Rovnako aj po\u010das online v\u00fdu\u010dby bude \u017eiakom zaznamen\u00e1van\u00e1 doch\u00e1dzka. V\u00a0pr\u00edpade ne\u00fa\u010dasti na vzdel\u00e1vacom procese a\u00a0jeho ospravedl\u0148ovan\u00ed sa bude postupova\u0165 v\u00a0zmysle \u0160kolsk\u00e9ho poriadku. <strong>Chcem \u017eiakov upozorni\u0165, \u017ee v\u00fdu\u010dba sa za\u010d\u00edna o\u00a07:45 hod.<\/strong><\/p>\n<p>Online hodiny, zad\u00e1vanie \u00faloh, p\u00edsanie testov, p\u00edsomiek a\u00a0\u00fastne sk\u00fa\u0161anie bud\u00fa uskuto\u010d\u0148ovan\u00e9 prostredn\u00edctvom platformy MS Teams. Pros\u00edme t\u00fdmto rodi\u010dov, aby \u017eiakom zadov\u00e1\u017eili kameru a\u00a0mikrof\u00f3n v\u00a0pr\u00edpade, \u017ee ich zariadenia nimi nedisponuj\u00fa, a vysk\u00fa\u0161ali ich funk\u010dnos\u0165 v\u00a0s\u00fa\u010dinnosti s\u00a0platformou MS Teams. Pred\u00eddeme t\u00fdm zbyto\u010dn\u00fdm komplik\u00e1ci\u00e1m po\u010das v\u00fdu\u010dby. V\u00a0pr\u00edpade, \u017ee \u017eiak nem\u00e1 k\u00a0dispoz\u00edcii po\u010d\u00edta\u010d, je mo\u017en\u00e9 si ho zapo\u017ei\u010da\u0165 zo \u0161koly. Po\u010det pr\u00edstupn\u00fdch notebookov je v\u0161ak obmedzen\u00fd.<\/p>\n<p>Rozumieme, \u017ee nikomu sa vzniknut\u00e1 situ\u00e1cia nep\u00e1\u010di, ale vzdel\u00e1vanie \u017eiakov mus\u00ed prebieha\u0165 \u010falej v\u00a0\u010do najkvalitnej\u0161ej forme, ako je to mo\u017en\u00e9. Pros\u00edme v\u00e1s teda o\u00a0spolupr\u00e1cu. Dodr\u017eiavanie \u010dasov\u00e9ho harmonogramu v\u00fdu\u010dby je k\u013e\u00fa\u010dov\u00e9, aby \u010do najmenej doch\u00e1dzalo k\u00a0naru\u0161ovaniu v\u00fdu\u010dby. Je nevyhnutn\u00e9, aby sa \u017eiaci pripravovali z\u00a0hodiny na hodinu, a aby ich vedomosti neboli len povrchn\u00e9 a\u00a0vedeli ich v\u00a0bud\u00facnosti pou\u017e\u00edva\u0165.<\/p>\n<p>Prajeme pekn\u00fd de\u0148 a\u00a0\u00faspe\u0161n\u00fa spolupr\u00e1cu.<\/p>\n<p>Vedenie SG Futurum<\/p>\n","protected":false},"excerpt":{"rendered":"<p>Mil\u00ed\u00a0 \u017eiaci a\u00a0rodi\u010dia, na z\u00e1klade rozhodnutia ministra \u0161kolstva \u010d. 2020\/17294:1-A1810\u00a0 zo d\u0148a 11.10.2020 s\u00a0\u00fa\u010dinnos\u0165ou od 12.10.2020 do odvolania S\u00fakromn\u00e9 gymn\u00e1zium Futurum bude \u017eiakov vyu\u010dova\u0165 v\u00a0di\u0161tan\u010dnej forme. Organiz\u00e1cia v\u00fdu\u010dby d\u0148a 12.10.2020 bude prebieha\u0165 di\u0161tan\u010dne, \u010do znamen\u00e1, \u017ee \u017eiakom na tento de\u0148&hellip;<\/p>\n","protected":false},"author":5,"featured_media":0,"parent":0,"menu_order":0,"comment_status":"closed","ping_status":"closed","template":"","meta":{"footnotes":""},"_links":{"self":[{"href":"https:\/\/www.futurumkosice.sk\/index.php\/wp-json\/wp\/v2\/pages\/3026"}],"collection":[{"href":"https:\/\/www.futurumkosice.sk\/index.php\/wp-json\/wp\/v2\/pages"}],"about":[{"href":"https:\/\/www.futurumkosice.sk\/index.php\/wp-json\/wp\/v2\/types\/page"}],"author":[{"embeddable":true,"href":"https:\/\/www.futurumkosice.sk\/index.php\/wp-json\/wp\/v2\/users\/5"}],"replies":[{"embeddable":true,"href":"https:\/\/www.futurumkosice.sk\/index.php\/wp-json\/wp\/v2\/comments?post=3026"}],"version-history":[{"count":2,"href":"https:\/\/www.futurumkosice.sk\/index.php\/wp-json\/wp\/v2\/pages\/3026\/revisions"}],"predecessor-version":[{"id":3028,"href":"https:\/\/www.futurumkosice.sk\/index.php\/wp-json\/wp\/v2\/pages\/3026\/revisions\/3028"}],"wp:attachment":[{"href":"https:\/\/www.futurumkosice.sk\/index.php\/wp-json\/wp\/v2\/media?parent=3026"}],"curies":[{"name":"wp","href":"https:\/\/api.w.org\/{rel}","templated":true}]}}